{"id":726,"date":"2025-11-09T22:52:37","date_gmt":"2025-11-09T22:52:37","guid":{"rendered":"https:\/\/zeroex.com\/?page_id=726"},"modified":"2026-02-24T12:58:34","modified_gmt":"2026-02-24T12:58:34","slug":"connect-with-us","status":"publish","type":"page","link":"https:\/\/zeroex.com\/pt\/connect-with-us\/","title":{"rendered":"Conecte-se conosco"},"content":{"rendered":"<div data-elementor-type=\"wp-page\" data-elementor-id=\"726\" class=\"elementor elementor-726\" data-elementor-post-type=\"page\">\n\t\t\t\t<div class=\"elementor-element elementor-element-b1cad19 e-flex e-con-boxed e-con e-parent\" data-id=\"b1cad19\" data-element_type=\"container\" data-e-type=\"container\" data-settings=\"{&quot;background_background&quot;:&quot;classic&quot;}\">\n\t\t\t\t\t<div class=\"e-con-inner\">\n\t\t\t\t\t<\/div>\n\t\t\t\t<\/div>\n\t\t<div class=\"elementor-element elementor-element-d3e9b42 e-flex e-con-boxed e-con e-parent\" data-id=\"d3e9b42\" data-element_type=\"container\" data-e-type=\"container\">\n\t\t\t\t\t<div class=\"e-con-inner\">\n\t\t\t\t<div class=\"elementor-element elementor-element-a8791b3 elementor-widget elementor-widget-shortcode\" data-id=\"a8791b3\" data-element_type=\"widget\" data-e-type=\"widget\" data-widget_type=\"shortcode.default\">\n\t\t\t\t\t\t\t<div class=\"elementor-shortcode\">\n\t\t\t<div\n\t\t\tclass=\"hs-form-frame\"\n\t\t\tdata-region=\"eu1\"\n\t\t\tdata-form-id=\"da4e05fa-9de2-4ecf-b743-c8d40a16dc32\"\n\t\t\tdata-portal-id=\"145188392\"\n\t\t\t >\n\t\t\t<\/div>\n\t\t\t<\/div>\n\t\t\t\t\t\t<\/div>\n\t\t\t\t\t<\/div>\n\t\t\t\t<\/div>\n\t\t\t\t<\/div>","protected":false},"excerpt":{"rendered":"","protected":false},"author":3,"featured_media":0,"parent":0,"menu_order":0,"comment_status":"closed","ping_status":"closed","template":"","meta":{"content-type":"","footnotes":""},"class_list":["post-726","page","type-page","status-publish","hentry"],"yoast_head":"<!-- This site is optimized with the Yoast SEO plugin v26.8 - https:\/\/yoast.com\/product\/yoast-seo-wordpress\/ -->\n<title>Connect with us - ZeroEx<\/title>\n<meta name=\"description\" content=\"ZeroEx is committed to scaling carbon removal through enhanced weathering projects around the world. ZeroEx&#039;s proprietary measurement, reporting, and verification (MRV) technology works to make permanent carbon removal credits secure and transparent.\" \/>\n<meta name=\"robots\" content=\"index, follow, max-snippet:-1, max-image-preview:large, max-video-preview:-1\" \/>\n<link rel=\"canonical\" href=\"https:\/\/zeroex.com\/pt\/connect-with-us\/\" \/>\n<meta property=\"og:locale\" content=\"pt_BR\" \/>\n<meta property=\"og:type\" content=\"article\" \/>\n<meta property=\"og:title\" content=\"Connect with us - ZeroEx\" \/>\n<meta property=\"og:description\" content=\"ZeroEx is committed to scaling carbon removal through enhanced weathering projects around the world. ZeroEx&#039;s proprietary measurement, reporting, and verification (MRV) technology works to make permanent carbon removal credits secure and transparent.\" \/>\n<meta property=\"og:url\" content=\"https:\/\/zeroex.com\/pt\/connect-with-us\/\" \/>\n<meta property=\"og:site_name\" content=\"ZeroEx\" \/>\n<meta property=\"article:modified_time\" content=\"2026-02-24T12:58:34+00:00\" \/>\n<meta property=\"og:image\" content=\"https:\/\/zeroex.com\/wp-content\/uploads\/2025\/11\/ZeroEx_logo_Bl.png\" \/>\n\t<meta property=\"og:image:width\" content=\"1427\" \/>\n\t<meta property=\"og:image:height\" content=\"1302\" \/>\n\t<meta property=\"og:image:type\" content=\"image\/png\" \/>\n<meta name=\"twitter:card\" content=\"summary_large_image\" \/>\n<script type=\"application\/ld+json\" class=\"yoast-schema-graph\">{\"@context\":\"https:\/\/schema.org\",\"@graph\":[{\"@type\":\"WebPage\",\"@id\":\"https:\/\/zeroex.com\/connect-with-us\/\",\"url\":\"https:\/\/zeroex.com\/connect-with-us\/\",\"name\":\"Connect with us - ZeroEx\",\"isPartOf\":{\"@id\":\"https:\/\/zeroex.com\/#website\"},\"datePublished\":\"2025-11-09T22:52:37+00:00\",\"dateModified\":\"2026-02-24T12:58:34+00:00\",\"description\":\"ZeroEx is committed to scaling carbon removal through enhanced weathering projects around the world. ZeroEx's proprietary measurement, reporting, and verification (MRV) technology works to make permanent carbon removal credits secure and transparent.\",\"breadcrumb\":{\"@id\":\"https:\/\/zeroex.com\/connect-with-us\/#breadcrumb\"},\"inLanguage\":\"pt-BR\",\"potentialAction\":[{\"@type\":\"ReadAction\",\"target\":[\"https:\/\/zeroex.com\/connect-with-us\/\"]}]},{\"@type\":\"BreadcrumbList\",\"@id\":\"https:\/\/zeroex.com\/connect-with-us\/#breadcrumb\",\"itemListElement\":[{\"@type\":\"ListItem\",\"position\":1,\"name\":\"Home\",\"item\":\"https:\/\/zeroex.com\/\"},{\"@type\":\"ListItem\",\"position\":2,\"name\":\"Connect with us\"}]},{\"@type\":\"WebSite\",\"@id\":\"https:\/\/zeroex.com\/#website\",\"url\":\"https:\/\/zeroex.com\/\",\"name\":\"ZeroEx\",\"description\":\"Measuring Carbon Removal\",\"publisher\":{\"@id\":\"https:\/\/zeroex.com\/#organization\"},\"potentialAction\":[{\"@type\":\"SearchAction\",\"target\":{\"@type\":\"EntryPoint\",\"urlTemplate\":\"https:\/\/zeroex.com\/?s={search_term_string}\"},\"query-input\":{\"@type\":\"PropertyValueSpecification\",\"valueRequired\":true,\"valueName\":\"search_term_string\"}}],\"inLanguage\":\"pt-BR\"},{\"@type\":\"Organization\",\"@id\":\"https:\/\/zeroex.com\/#organization\",\"name\":\"ZeroEx\",\"url\":\"https:\/\/zeroex.com\/\",\"logo\":{\"@type\":\"ImageObject\",\"inLanguage\":\"pt-BR\",\"@id\":\"https:\/\/zeroex.com\/#\/schema\/logo\/image\/\",\"url\":\"https:\/\/zeroex.com\/wp-content\/uploads\/2025\/11\/ZeroEx_logo_Bl.png\",\"contentUrl\":\"https:\/\/zeroex.com\/wp-content\/uploads\/2025\/11\/ZeroEx_logo_Bl.png\",\"width\":1427,\"height\":1302,\"caption\":\"ZeroEx\"},\"image\":{\"@id\":\"https:\/\/zeroex.com\/#\/schema\/logo\/image\/\"}}]}<\/script>\n<!-- \/ Yoast SEO plugin. -->","yoast_head_json":{"title":"Conecte-se conosco - ZeroEx","description":"A ZeroEx tem o compromisso de aumentar a remo\u00e7\u00e3o de carbono por meio de projetos de intemperismo aprimorado em todo o mundo. A tecnologia propriet\u00e1ria de medi\u00e7\u00e3o, relat\u00f3rio e verifica\u00e7\u00e3o (MRV) da ZeroEx trabalha para tornar seguros e transparentes os cr\u00e9ditos permanentes de remo\u00e7\u00e3o de carbono.","robots":{"index":"index","follow":"follow","max-snippet":"max-snippet:-1","max-image-preview":"max-image-preview:large","max-video-preview":"max-video-preview:-1"},"canonical":"https:\/\/zeroex.com\/pt\/connect-with-us\/","og_locale":"pt_BR","og_type":"article","og_title":"Connect with us - ZeroEx","og_description":"ZeroEx is committed to scaling carbon removal through enhanced weathering projects around the world. ZeroEx's proprietary measurement, reporting, and verification (MRV) technology works to make permanent carbon removal credits secure and transparent.","og_url":"https:\/\/zeroex.com\/pt\/connect-with-us\/","og_site_name":"ZeroEx","article_modified_time":"2026-02-24T12:58:34+00:00","og_image":[{"width":1427,"height":1302,"url":"https:\/\/zeroex.com\/wp-content\/uploads\/2025\/11\/ZeroEx_logo_Bl.png","type":"image\/png"}],"twitter_card":"summary_large_image","schema":{"@context":"https:\/\/schema.org","@graph":[{"@type":"WebPage","@id":"https:\/\/zeroex.com\/connect-with-us\/","url":"https:\/\/zeroex.com\/connect-with-us\/","name":"Conecte-se conosco - ZeroEx","isPartOf":{"@id":"https:\/\/zeroex.com\/#website"},"datePublished":"2025-11-09T22:52:37+00:00","dateModified":"2026-02-24T12:58:34+00:00","description":"A ZeroEx tem o compromisso de aumentar a remo\u00e7\u00e3o de carbono por meio de projetos de intemperismo aprimorado em todo o mundo. A tecnologia propriet\u00e1ria de medi\u00e7\u00e3o, relat\u00f3rio e verifica\u00e7\u00e3o (MRV) da ZeroEx trabalha para tornar seguros e transparentes os cr\u00e9ditos permanentes de remo\u00e7\u00e3o de carbono.","breadcrumb":{"@id":"https:\/\/zeroex.com\/connect-with-us\/#breadcrumb"},"inLanguage":"pt-BR","potentialAction":[{"@type":"ReadAction","target":["https:\/\/zeroex.com\/connect-with-us\/"]}]},{"@type":"BreadcrumbList","@id":"https:\/\/zeroex.com\/connect-with-us\/#breadcrumb","itemListElement":[{"@type":"ListItem","position":1,"name":"Home","item":"https:\/\/zeroex.com\/"},{"@type":"ListItem","position":2,"name":"Connect with us"}]},{"@type":"WebSite","@id":"https:\/\/zeroex.com\/#website","url":"https:\/\/zeroex.com\/","name":"ZeroEx","description":"Medi\u00e7\u00e3o da remo\u00e7\u00e3o de carbono","publisher":{"@id":"https:\/\/zeroex.com\/#organization"},"potentialAction":[{"@type":"SearchAction","target":{"@type":"EntryPoint","urlTemplate":"https:\/\/zeroex.com\/?s={search_term_string}"},"query-input":{"@type":"PropertyValueSpecification","valueRequired":true,"valueName":"search_term_string"}}],"inLanguage":"pt-BR"},{"@type":"Organization","@id":"https:\/\/zeroex.com\/#organization","name":"ZeroEx","url":"https:\/\/zeroex.com\/","logo":{"@type":"ImageObject","inLanguage":"pt-BR","@id":"https:\/\/zeroex.com\/#\/schema\/logo\/image\/","url":"https:\/\/zeroex.com\/wp-content\/uploads\/2025\/11\/ZeroEx_logo_Bl.png","contentUrl":"https:\/\/zeroex.com\/wp-content\/uploads\/2025\/11\/ZeroEx_logo_Bl.png","width":1427,"height":1302,"caption":"ZeroEx"},"image":{"@id":"https:\/\/zeroex.com\/#\/schema\/logo\/image\/"}}]}},"_links":{"self":[{"href":"https:\/\/zeroex.com\/pt\/wp-json\/wp\/v2\/pages\/726","targetHints":{"allow":["GET"]}}],"collection":[{"href":"https:\/\/zeroex.com\/pt\/wp-json\/wp\/v2\/pages"}],"about":[{"href":"https:\/\/zeroex.com\/pt\/wp-json\/wp\/v2\/types\/page"}],"author":[{"embeddable":true,"href":"https:\/\/zeroex.com\/pt\/wp-json\/wp\/v2\/users\/3"}],"replies":[{"embeddable":true,"href":"https:\/\/zeroex.com\/pt\/wp-json\/wp\/v2\/comments?post=726"}],"version-history":[{"count":161,"href":"https:\/\/zeroex.com\/pt\/wp-json\/wp\/v2\/pages\/726\/revisions"}],"predecessor-version":[{"id":2950,"href":"https:\/\/zeroex.com\/pt\/wp-json\/wp\/v2\/pages\/726\/revisions\/2950"}],"wp:attachment":[{"href":"https:\/\/zeroex.com\/pt\/wp-json\/wp\/v2\/media?parent=726"}],"curies":[{"name":"wp","href":"https:\/\/api.w.org\/{rel}","templated":true}]}}