{"id":1412,"date":"2025-11-11T14:12:42","date_gmt":"2025-11-11T14:12:42","guid":{"rendered":"https:\/\/zeroex.com\/?page_id=1412"},"modified":"2025-11-25T20:27:14","modified_gmt":"2025-11-25T20:27:14","slug":"imprint","status":"publish","type":"page","link":"https:\/\/zeroex.com\/de\/imprint\/","title":{"rendered":"Impressum"},"content":{"rendered":"<div data-elementor-type=\"wp-page\" data-elementor-id=\"1412\" class=\"elementor elementor-1412\" data-elementor-post-type=\"page\">\n\t\t\t\t<div class=\"elementor-element elementor-element-ec7d91f e-flex e-con-boxed e-con e-parent\" data-id=\"ec7d91f\" data-element_type=\"container\" data-e-type=\"container\" data-settings=\"{&quot;background_background&quot;:&quot;classic&quot;}\">\n\t\t\t\t\t<div class=\"e-con-inner\">\n\t\t\t\t<div class=\"elementor-element elementor-element-cd3eed2 elementor-widget elementor-widget-heading\" data-id=\"cd3eed2\" data-element_type=\"widget\" data-e-type=\"widget\" data-widget_type=\"heading.default\">\n\t\t\t\t\t<h2 class=\"elementor-heading-title elementor-size-default\">IMPRESSUM<\/h2>\t\t\t\t<\/div>\n\t\t\t\t\t<\/div>\n\t\t\t\t<\/div>\n\t\t<div class=\"elementor-element elementor-element-c12b506 e-flex e-con-boxed e-con e-parent\" data-id=\"c12b506\" data-element_type=\"container\" data-e-type=\"container\" data-settings=\"{&quot;background_background&quot;:&quot;classic&quot;}\">\n\t\t\t\t\t<div class=\"e-con-inner\">\n\t\t\t\t<div class=\"elementor-element elementor-element-f5ae185 elementor-widget elementor-widget-heading\" data-id=\"f5ae185\" data-element_type=\"widget\" data-e-type=\"widget\" data-widget_type=\"heading.default\">\n\t\t\t\t\t<h3 class=\"elementor-heading-title elementor-size-default\">Informationen nach \u00a7 5 TMG<\/h3>\t\t\t\t<\/div>\n\t\t\t\t<div class=\"elementor-element elementor-element-34f8891 elementor-widget elementor-widget-text-editor\" data-id=\"34f8891\" data-element_type=\"widget\" data-e-type=\"widget\" data-widget_type=\"text-editor.default\">\n\t\t\t\t\t\t\t\t\t<p>ZeroEx GmbH<br \/>Kaufingerstra\u00dfe 24<br \/>80331 M\u00fcnchen<\/p><p>\u00a0<\/p><p>Handelsregister: HRB 789013<br \/>Registergericht: Amtsgericht Stuttgart<\/p>\t\t\t\t\t\t\t\t<\/div>\n\t\t\t\t<div class=\"elementor-element elementor-element-4f45a8f elementor-widget elementor-widget-heading\" data-id=\"4f45a8f\" data-element_type=\"widget\" data-e-type=\"widget\" data-widget_type=\"heading.default\">\n\t\t\t\t\t<h3 class=\"elementor-heading-title elementor-size-default\">Vertreten durch<\/h3>\t\t\t\t<\/div>\n\t\t\t\t<div class=\"elementor-element elementor-element-13ad0ce elementor-widget elementor-widget-text-editor\" data-id=\"13ad0ce\" data-element_type=\"widget\" data-e-type=\"widget\" data-widget_type=\"text-editor.default\">\n\t\t\t\t\t\t\t\t\t<p>Tony Oehm<\/p>\t\t\t\t\t\t\t\t<\/div>\n\t\t\t\t\t<\/div>\n\t\t\t\t<\/div>\n\t\t<div class=\"elementor-element elementor-element-4fae793 e-flex e-con-boxed e-con e-parent\" data-id=\"4fae793\" data-element_type=\"container\" data-e-type=\"container\" data-settings=\"{&quot;background_background&quot;:&quot;classic&quot;}\">\n\t\t\t\t\t<div class=\"e-con-inner\">\n\t\t\t\t<div class=\"elementor-element elementor-element-5f5a701 elementor-widget elementor-widget-heading\" data-id=\"5f5a701\" data-element_type=\"widget\" data-e-type=\"widget\" data-widget_type=\"heading.default\">\n\t\t\t\t\t<h3 class=\"elementor-heading-title elementor-size-default\">Kontakt<\/h3>\t\t\t\t<\/div>\n\t\t\t\t<div class=\"elementor-element elementor-element-4d530ab elementor-widget elementor-widget-text-editor\" data-id=\"4d530ab\" data-element_type=\"widget\" data-e-type=\"widget\" data-widget_type=\"text-editor.default\">\n\t\t\t\t\t\t\t\t\t<p>Telefon: +49 151 58705699<br \/>Post:\u00a0<a href=\"mailto:info@zeroex.com\" target=\"_self\">info@zeroex.com<\/a><\/p>\t\t\t\t\t\t\t\t<\/div>\n\t\t\t\t\t<\/div>\n\t\t\t\t<\/div>\n\t\t<div class=\"elementor-element elementor-element-ed2ea03 e-flex e-con-boxed e-con e-parent\" data-id=\"ed2ea03\" data-element_type=\"container\" data-e-type=\"container\" data-settings=\"{&quot;background_background&quot;:&quot;classic&quot;}\">\n\t\t\t\t\t<div class=\"e-con-inner\">\n\t\t\t\t<div class=\"elementor-element elementor-element-4613a7c elementor-widget elementor-widget-heading\" data-id=\"4613a7c\" data-element_type=\"widget\" data-e-type=\"widget\" data-widget_type=\"heading.default\">\n\t\t\t\t\t<h3 class=\"elementor-heading-title elementor-size-default\">UMSATZSTEUER-ID<\/h3>\t\t\t\t<\/div>\n\t\t\t\t<div class=\"elementor-element elementor-element-e2a1e69 elementor-widget elementor-widget-text-editor\" data-id=\"e2a1e69\" data-element_type=\"widget\" data-e-type=\"widget\" data-widget_type=\"text-editor.default\">\n\t\t\t\t\t\t\t\t\t<p>Umsatzsteuer-Identifikationsnummer gem\u00e4\u00df \u00a7 27 a Umsatzsteuergesetz:<br \/>DE342145825<\/p>\t\t\t\t\t\t\t\t<\/div>\n\t\t\t\t\t<\/div>\n\t\t\t\t<\/div>\n\t\t<div class=\"elementor-element elementor-element-3be3f79 e-flex e-con-boxed e-con e-parent\" data-id=\"3be3f79\" data-element_type=\"container\" data-e-type=\"container\" data-settings=\"{&quot;background_background&quot;:&quot;classic&quot;}\">\n\t\t\t\t\t<div class=\"e-con-inner\">\n\t\t\t\t<div class=\"elementor-element elementor-element-9131095 elementor-widget elementor-widget-heading\" data-id=\"9131095\" data-element_type=\"widget\" data-e-type=\"widget\" data-widget_type=\"heading.default\">\n\t\t\t\t\t<h3 class=\"elementor-heading-title elementor-size-default\">EU-Streitbeilegung<\/h3>\t\t\t\t<\/div>\n\t\t\t\t<div class=\"elementor-element elementor-element-1074097 elementor-widget elementor-widget-text-editor\" data-id=\"1074097\" data-element_type=\"widget\" data-e-type=\"widget\" data-widget_type=\"text-editor.default\">\n\t\t\t\t\t\t\t\t\t<p>Die Europ\u00e4ische Kommission stellt eine Plattform f\u00fcr die Online-Streitbeilegung (ODR) zur Verf\u00fcgung:\u00a0<a href=\"https:\/\/ec.europa.eu\/consumers\/odr\/\">https:\/\/ec.europa.eu\/consumers\/odr\/<\/a>.<br \/>Unsere E-Mail-Adresse finden Sie oben im Impressum der Website.<\/p>\t\t\t\t\t\t\t\t<\/div>\n\t\t\t\t\t<\/div>\n\t\t\t\t<\/div>\n\t\t<div class=\"elementor-element elementor-element-a382c00 e-flex e-con-boxed e-con e-parent\" data-id=\"a382c00\" data-element_type=\"container\" data-e-type=\"container\" data-settings=\"{&quot;background_background&quot;:&quot;classic&quot;}\">\n\t\t\t\t\t<div class=\"e-con-inner\">\n\t\t\t\t<div class=\"elementor-element elementor-element-20c2e9d elementor-widget elementor-widget-heading\" data-id=\"20c2e9d\" data-element_type=\"widget\" data-e-type=\"widget\" data-widget_type=\"heading.default\">\n\t\t\t\t\t<h3 class=\"elementor-heading-title elementor-size-default\">Streitbeilegungsverfahren vor einer Verbraucherschlichtungsstelle<\/h3>\t\t\t\t<\/div>\n\t\t\t\t<div class=\"elementor-element elementor-element-4bcbc39 elementor-widget elementor-widget-text-editor\" data-id=\"4bcbc39\" data-element_type=\"widget\" data-e-type=\"widget\" data-widget_type=\"text-editor.default\">\n\t\t\t\t\t\t\t\t\t<p>Wir sind nicht bereit oder verpflichtet, an einem Streitbeilegungsverfahren vor einer Verbraucherschlichtungsstelle teilzunehmen.<\/p>\t\t\t\t\t\t\t\t<\/div>\n\t\t\t\t\t<\/div>\n\t\t\t\t<\/div>\n\t\t\t\t<\/div>","protected":false},"excerpt":{"rendered":"<p>IMPRINT Information according to \u00a7 5 TMG ZeroEx GmbHKaufingerstra\u00dfe 2480331 M\u00fcnchen \u00a0 Handelsregister: HRB 789013Registergericht: Amtsgericht Stuttgart Represented by Tony Oehm Contact Phone: +49 151 58705699Mail:\u00a0info@zeroex.com VAT-ID Sales tax identification number according to Sect. 27 a of the Sales Tax Law:DE342145825 EU Dispute Resolution The European Commission provides a platform for online dispute resolution (ODR):\u00a0https:\/\/ec.europa.eu\/consumers\/odr\/.Our [&hellip;]<\/p>\n","protected":false},"author":3,"featured_media":833,"parent":0,"menu_order":0,"comment_status":"closed","ping_status":"closed","template":"","meta":{"content-type":"","footnotes":""},"class_list":["post-1412","page","type-page","status-publish","has-post-thumbnail","hentry"],"yoast_head":"<!-- This site is optimized with the Yoast SEO plugin v26.8 - https:\/\/yoast.com\/product\/yoast-seo-wordpress\/ -->\n<title>Imprint - ZeroEx<\/title>\n<meta name=\"description\" content=\"ZeroEx is committed to scaling carbon removal through enhanced weathering projects around the world. ZeroEx&#039;s proprietary measurement, reporting, and verification (MRV) technology works to make permanent carbon removal credits secure and transparent.\" \/>\n<meta name=\"robots\" content=\"index, follow, max-snippet:-1, max-image-preview:large, max-video-preview:-1\" \/>\n<link rel=\"canonical\" href=\"https:\/\/zeroex.com\/de\/imprint\/\" \/>\n<meta property=\"og:locale\" content=\"de_DE\" \/>\n<meta property=\"og:type\" content=\"article\" \/>\n<meta property=\"og:title\" content=\"Imprint - ZeroEx\" \/>\n<meta property=\"og:description\" content=\"ZeroEx is committed to scaling carbon removal through enhanced weathering projects around the world. ZeroEx&#039;s proprietary measurement, reporting, and verification (MRV) technology works to make permanent carbon removal credits secure and transparent.\" \/>\n<meta property=\"og:url\" content=\"https:\/\/zeroex.com\/de\/imprint\/\" \/>\n<meta property=\"og:site_name\" content=\"ZeroEx\" \/>\n<meta property=\"article:modified_time\" content=\"2025-11-25T20:27:14+00:00\" \/>\n<meta property=\"og:image\" content=\"https:\/\/zeroex.com\/wp-content\/uploads\/2025\/11\/ZeroEx_logo_Bl.png\" \/>\n\t<meta property=\"og:image:width\" content=\"1427\" \/>\n\t<meta property=\"og:image:height\" content=\"1302\" \/>\n\t<meta property=\"og:image:type\" content=\"image\/png\" \/>\n<meta name=\"twitter:card\" content=\"summary_large_image\" \/>\n<meta name=\"twitter:label1\" content=\"Gesch\u00e4tzte Lesezeit\" \/>\n\t<meta name=\"twitter:data1\" content=\"1\u00a0Minute\" \/>\n<script type=\"application\/ld+json\" class=\"yoast-schema-graph\">{\"@context\":\"https:\/\/schema.org\",\"@graph\":[{\"@type\":\"WebPage\",\"@id\":\"https:\/\/zeroex.com\/imprint\/\",\"url\":\"https:\/\/zeroex.com\/imprint\/\",\"name\":\"Imprint - ZeroEx\",\"isPartOf\":{\"@id\":\"https:\/\/zeroex.com\/#website\"},\"primaryImageOfPage\":{\"@id\":\"https:\/\/zeroex.com\/imprint\/#primaryimage\"},\"image\":{\"@id\":\"https:\/\/zeroex.com\/imprint\/#primaryimage\"},\"thumbnailUrl\":\"https:\/\/zeroex.com\/wp-content\/uploads\/2025\/11\/ZeroEx_logo_Bl.png\",\"datePublished\":\"2025-11-11T14:12:42+00:00\",\"dateModified\":\"2025-11-25T20:27:14+00:00\",\"description\":\"ZeroEx is committed to scaling carbon removal through enhanced weathering projects around the world. ZeroEx's proprietary measurement, reporting, and verification (MRV) technology works to make permanent carbon removal credits secure and transparent.\",\"breadcrumb\":{\"@id\":\"https:\/\/zeroex.com\/imprint\/#breadcrumb\"},\"inLanguage\":\"de\",\"potentialAction\":[{\"@type\":\"ReadAction\",\"target\":[\"https:\/\/zeroex.com\/imprint\/\"]}]},{\"@type\":\"ImageObject\",\"inLanguage\":\"de\",\"@id\":\"https:\/\/zeroex.com\/imprint\/#primaryimage\",\"url\":\"https:\/\/zeroex.com\/wp-content\/uploads\/2025\/11\/ZeroEx_logo_Bl.png\",\"contentUrl\":\"https:\/\/zeroex.com\/wp-content\/uploads\/2025\/11\/ZeroEx_logo_Bl.png\",\"width\":1427,\"height\":1302},{\"@type\":\"BreadcrumbList\",\"@id\":\"https:\/\/zeroex.com\/imprint\/#breadcrumb\",\"itemListElement\":[{\"@type\":\"ListItem\",\"position\":1,\"name\":\"Home\",\"item\":\"https:\/\/zeroex.com\/\"},{\"@type\":\"ListItem\",\"position\":2,\"name\":\"Imprint\"}]},{\"@type\":\"WebSite\",\"@id\":\"https:\/\/zeroex.com\/#website\",\"url\":\"https:\/\/zeroex.com\/\",\"name\":\"ZeroEx\",\"description\":\"Measuring Carbon Removal\",\"publisher\":{\"@id\":\"https:\/\/zeroex.com\/#organization\"},\"potentialAction\":[{\"@type\":\"SearchAction\",\"target\":{\"@type\":\"EntryPoint\",\"urlTemplate\":\"https:\/\/zeroex.com\/?s={search_term_string}\"},\"query-input\":{\"@type\":\"PropertyValueSpecification\",\"valueRequired\":true,\"valueName\":\"search_term_string\"}}],\"inLanguage\":\"de\"},{\"@type\":\"Organization\",\"@id\":\"https:\/\/zeroex.com\/#organization\",\"name\":\"ZeroEx\",\"url\":\"https:\/\/zeroex.com\/\",\"logo\":{\"@type\":\"ImageObject\",\"inLanguage\":\"de\",\"@id\":\"https:\/\/zeroex.com\/#\/schema\/logo\/image\/\",\"url\":\"https:\/\/zeroex.com\/wp-content\/uploads\/2025\/11\/ZeroEx_logo_Bl.png\",\"contentUrl\":\"https:\/\/zeroex.com\/wp-content\/uploads\/2025\/11\/ZeroEx_logo_Bl.png\",\"width\":1427,\"height\":1302,\"caption\":\"ZeroEx\"},\"image\":{\"@id\":\"https:\/\/zeroex.com\/#\/schema\/logo\/image\/\"}}]}<\/script>\n<!-- \/ Yoast SEO plugin. -->","yoast_head_json":{"title":"Impressum - ZeroEx","description":"ZeroEx setzt sich daf\u00fcr ein, den Kohlenstoffabbau durch verbesserte Verwitterungsprojekte auf der ganzen Welt zu steigern. Die firmeneigene Mess-, Berichts- und Verifizierungstechnologie (MRV) von ZeroEx sorgt daf\u00fcr, dass die Gutschriften f\u00fcr den dauerhaften Kohlenstoffabbau sicher und transparent sind.","robots":{"index":"index","follow":"follow","max-snippet":"max-snippet:-1","max-image-preview":"max-image-preview:large","max-video-preview":"max-video-preview:-1"},"canonical":"https:\/\/zeroex.com\/de\/imprint\/","og_locale":"de_DE","og_type":"article","og_title":"Imprint - ZeroEx","og_description":"ZeroEx is committed to scaling carbon removal through enhanced weathering projects around the world. ZeroEx's proprietary measurement, reporting, and verification (MRV) technology works to make permanent carbon removal credits secure and transparent.","og_url":"https:\/\/zeroex.com\/de\/imprint\/","og_site_name":"ZeroEx","article_modified_time":"2025-11-25T20:27:14+00:00","og_image":[{"width":1427,"height":1302,"url":"https:\/\/zeroex.com\/wp-content\/uploads\/2025\/11\/ZeroEx_logo_Bl.png","type":"image\/png"}],"twitter_card":"summary_large_image","twitter_misc":{"Gesch\u00e4tzte Lesezeit":"1\u00a0Minute"},"schema":{"@context":"https:\/\/schema.org","@graph":[{"@type":"WebPage","@id":"https:\/\/zeroex.com\/imprint\/","url":"https:\/\/zeroex.com\/imprint\/","name":"Impressum - ZeroEx","isPartOf":{"@id":"https:\/\/zeroex.com\/#website"},"primaryImageOfPage":{"@id":"https:\/\/zeroex.com\/imprint\/#primaryimage"},"image":{"@id":"https:\/\/zeroex.com\/imprint\/#primaryimage"},"thumbnailUrl":"https:\/\/zeroex.com\/wp-content\/uploads\/2025\/11\/ZeroEx_logo_Bl.png","datePublished":"2025-11-11T14:12:42+00:00","dateModified":"2025-11-25T20:27:14+00:00","description":"ZeroEx setzt sich daf\u00fcr ein, den Kohlenstoffabbau durch verbesserte Verwitterungsprojekte auf der ganzen Welt zu steigern. Die firmeneigene Mess-, Berichts- und Verifizierungstechnologie (MRV) von ZeroEx sorgt daf\u00fcr, dass die Gutschriften f\u00fcr den dauerhaften Kohlenstoffabbau sicher und transparent sind.","breadcrumb":{"@id":"https:\/\/zeroex.com\/imprint\/#breadcrumb"},"inLanguage":"de","potentialAction":[{"@type":"ReadAction","target":["https:\/\/zeroex.com\/imprint\/"]}]},{"@type":"ImageObject","inLanguage":"de","@id":"https:\/\/zeroex.com\/imprint\/#primaryimage","url":"https:\/\/zeroex.com\/wp-content\/uploads\/2025\/11\/ZeroEx_logo_Bl.png","contentUrl":"https:\/\/zeroex.com\/wp-content\/uploads\/2025\/11\/ZeroEx_logo_Bl.png","width":1427,"height":1302},{"@type":"BreadcrumbList","@id":"https:\/\/zeroex.com\/imprint\/#breadcrumb","itemListElement":[{"@type":"ListItem","position":1,"name":"Home","item":"https:\/\/zeroex.com\/"},{"@type":"ListItem","position":2,"name":"Imprint"}]},{"@type":"WebSite","@id":"https:\/\/zeroex.com\/#website","url":"https:\/\/zeroex.com\/","name":"ZeroEx","description":"Messung der Kohlenstoffentfernung","publisher":{"@id":"https:\/\/zeroex.com\/#organization"},"potentialAction":[{"@type":"SearchAction","target":{"@type":"EntryPoint","urlTemplate":"https:\/\/zeroex.com\/?s={search_term_string}"},"query-input":{"@type":"PropertyValueSpecification","valueRequired":true,"valueName":"search_term_string"}}],"inLanguage":"de"},{"@type":"Organization","@id":"https:\/\/zeroex.com\/#organization","name":"ZeroEx","url":"https:\/\/zeroex.com\/","logo":{"@type":"ImageObject","inLanguage":"de","@id":"https:\/\/zeroex.com\/#\/schema\/logo\/image\/","url":"https:\/\/zeroex.com\/wp-content\/uploads\/2025\/11\/ZeroEx_logo_Bl.png","contentUrl":"https:\/\/zeroex.com\/wp-content\/uploads\/2025\/11\/ZeroEx_logo_Bl.png","width":1427,"height":1302,"caption":"ZeroEx"},"image":{"@id":"https:\/\/zeroex.com\/#\/schema\/logo\/image\/"}}]}},"_links":{"self":[{"href":"https:\/\/zeroex.com\/de\/wp-json\/wp\/v2\/pages\/1412","targetHints":{"allow":["GET"]}}],"collection":[{"href":"https:\/\/zeroex.com\/de\/wp-json\/wp\/v2\/pages"}],"about":[{"href":"https:\/\/zeroex.com\/de\/wp-json\/wp\/v2\/types\/page"}],"author":[{"embeddable":true,"href":"https:\/\/zeroex.com\/de\/wp-json\/wp\/v2\/users\/3"}],"replies":[{"embeddable":true,"href":"https:\/\/zeroex.com\/de\/wp-json\/wp\/v2\/comments?post=1412"}],"version-history":[{"count":34,"href":"https:\/\/zeroex.com\/de\/wp-json\/wp\/v2\/pages\/1412\/revisions"}],"predecessor-version":[{"id":2402,"href":"https:\/\/zeroex.com\/de\/wp-json\/wp\/v2\/pages\/1412\/revisions\/2402"}],"wp:featuredmedia":[{"embeddable":true,"href":"https:\/\/zeroex.com\/de\/wp-json\/wp\/v2\/media\/833"}],"wp:attachment":[{"href":"https:\/\/zeroex.com\/de\/wp-json\/wp\/v2\/media?parent=1412"}],"curies":[{"name":"wp","href":"https:\/\/api.w.org\/{rel}","templated":true}]}}